{"id":1448,"date":"2018-02-12T14:47:11","date_gmt":"2018-02-12T14:47:11","guid":{"rendered":"https:\/\/www.mariokoerbler.com\/about\/"},"modified":"2023-05-14T11:21:35","modified_gmt":"2023-05-14T09:21:35","slug":"ueber-mich","status":"publish","type":"page","link":"https:\/\/1.marketing\/m\/ueber-mich\/","title":{"rendered":"\u00dcber mich"},"content":{"rendered":"\t\t<div data-elementor-type=\"wp-post\" data-elementor-id=\"1448\" class=\"elementor elementor-1448\">\n\t\t\t\t\t\t\t\t\t<section class=\"elementor-section elementor-top-section elementor-element elementor-element-4077da5b elementor-section-content-bottom elementor-section-boxed elementor-section-height-default elementor-section-height-default\" data-id=\"4077da5b\" data-element_type=\"section\" data-settings=\"{&quot;background_background&quot;:&quot;classic&quot;}\">\n\t\t\t\t\t\t\t<div class=\"elementor-background-overlay\"><\/div>\n\t\t\t\t\t\t\t<div class=\"elementor-container elementor-column-gap-extended\">\n\t\t\t\t\t<div class=\"elementor-column elementor-col-100 elementor-top-column elementor-element elementor-element-599a9678\" data-id=\"599a9678\" data-element_type=\"column\">\n\t\t\t<div class=\"elementor-widget-wrap elementor-element-populated\">\n\t\t\t\t\t\t\t\t<div class=\"elementor-element elementor-element-7f43309a elementor-widget elementor-widget-heading\" data-id=\"7f43309a\" data-element_type=\"widget\" data-widget_type=\"heading.default\">\n\t\t\t\t<div class=\"elementor-widget-container\">\n\t\t\t<style>\/*! elementor - v3.13.3 - 28-05-2023 *\/\n.elementor-heading-title{padding:0;margin:0;line-height:1}.elementor-widget-heading .elementor-heading-title[class*=elementor-size-]>a{color:inherit;font-size:inherit;line-height:inherit}.elementor-widget-heading .elementor-heading-title.elementor-size-small{font-size:15px}.elementor-widget-heading .elementor-heading-title.elementor-size-medium{font-size:19px}.elementor-widget-heading .elementor-heading-title.elementor-size-large{font-size:29px}.elementor-widget-heading .elementor-heading-title.elementor-size-xl{font-size:39px}.elementor-widget-heading .elementor-heading-title.elementor-size-xxl{font-size:59px}<\/style><h1 class=\"elementor-heading-title elementor-size-default\">\u00dcber Mario K\u00f6rbler<\/h1>\t\t<\/div>\n\t\t\t\t<\/div>\n\t\t\t\t\t<\/div>\n\t\t<\/div>\n\t\t\t\t\t\t\t<\/div>\n\t\t<\/section>\n\t\t\t\t<section class=\"elementor-section elementor-top-section elementor-element elementor-element-53b28d2d elementor-section-content-middle elementor-section-boxed elementor-section-height-default elementor-section-height-default\" data-id=\"53b28d2d\" data-element_type=\"section\">\n\t\t\t\t\t\t<div class=\"elementor-container elementor-column-gap-extended\">\n\t\t\t\t\t<div class=\"elementor-column elementor-col-100 elementor-top-column elementor-element elementor-element-1d5dcda9\" data-id=\"1d5dcda9\" data-element_type=\"column\">\n\t\t\t<div class=\"elementor-widget-wrap elementor-element-populated\">\n\t\t\t\t\t\t\t\t<div class=\"elementor-element elementor-element-3fb36a3c elementor-widget elementor-widget-heading\" data-id=\"3fb36a3c\" data-element_type=\"widget\" data-widget_type=\"heading.default\">\n\t\t\t\t<div class=\"elementor-widget-container\">\n\t\t\t<h2 class=\"elementor-heading-title elementor-size-default\">Unternehmer aus der S\u00fcdsteiermark.<\/h2>\t\t<\/div>\n\t\t\t\t<\/div>\n\t\t\t\t<div class=\"elementor-element elementor-element-1fa69725 elementor-widget elementor-widget-text-editor\" data-id=\"1fa69725\" data-element_type=\"widget\" data-widget_type=\"text-editor.default\">\n\t\t\t\t<div class=\"elementor-widget-container\">\n\t\t\t<style>\/*! elementor - v3.13.3 - 28-05-2023 *\/\n.elementor-widget-text-editor.elementor-drop-cap-view-stacked .elementor-drop-cap{background-color:#69727d;color:#fff}.elementor-widget-text-editor.elementor-drop-cap-view-framed .elementor-drop-cap{color:#69727d;border:3px solid;background-color:transparent}.elementor-widget-text-editor:not(.elementor-drop-cap-view-default) .elementor-drop-cap{margin-top:8px}.elementor-widget-text-editor:not(.elementor-drop-cap-view-default) .elementor-drop-cap-letter{width:1em;height:1em}.elementor-widget-text-editor .elementor-drop-cap{float:left;text-align:center;line-height:1;font-size:50px}.elementor-widget-text-editor .elementor-drop-cap-letter{display:inline-block}<\/style>\t\t\t\t<p>Ich bin Unternehmer aus der S\u00fcdsteiermark und besch\u00e4ftige mich mit digitalen L\u00f6sungen mit Schwerpunkt auf Marketing, Vertrieb und Organisation.<\/p>\t\t\t\t\t\t<\/div>\n\t\t\t\t<\/div>\n\t\t\t\t<section class=\"elementor-section elementor-inner-section elementor-element elementor-element-4bfb19a9 elementor-section-content-top elementor-section-boxed elementor-section-height-default elementor-section-height-default\" data-id=\"4bfb19a9\" data-element_type=\"section\">\n\t\t\t\t\t\t<div class=\"elementor-container elementor-column-gap-no\">\n\t\t\t\t\t<div class=\"elementor-column elementor-col-50 elementor-inner-column elementor-element elementor-element-1cb47a82\" data-id=\"1cb47a82\" data-element_type=\"column\">\n\t\t\t<div class=\"elementor-widget-wrap elementor-element-populated\">\n\t\t\t\t\t\t\t\t<div class=\"elementor-element elementor-element-7eca9c8a elementor-widget elementor-widget-text-editor\" data-id=\"7eca9c8a\" data-element_type=\"widget\" data-widget_type=\"text-editor.default\">\n\t\t\t\t<div class=\"elementor-widget-container\">\n\t\t\t\t\t\t\t<h2>Positionen<\/h2><ul><li>Gesch\u00e4ftsf\u00fchrer und Eigent\u00fcmer der\u00a0<a href=\"https:\/\/www.koerbler.com\/\">K\u00f6rbler GmbH<\/a><\/li><li>Gesch\u00e4ftsf\u00fchrer und Eigent\u00fcmer der\u00a0<a href=\"https:\/\/www.spreitzer-friends.com\/\">Spreitzer and Friends<\/a>\u00a0GmbH<\/li><li>Gesch\u00e4ftsf\u00fchrer der\u00a0<a href=\"https:\/\/www.bikeportal.at\/\">Bikeportal.at<\/a>\u00a0GmbH<\/li><li>Gr\u00fcnder der Software\u00a0<a href=\"https:\/\/www.1tool.com\/\" target=\"_blank\" rel=\"noopener\">1Tool<\/a><\/li><li>Mitgr\u00fcnder und Teilhaber der <a href=\"https:\/\/www.dagobertinvest.at\/\">Dagobert Invest AG<\/a><\/li><\/ul>\t\t\t\t\t\t<\/div>\n\t\t\t\t<\/div>\n\t\t\t\t\t<\/div>\n\t\t<\/div>\n\t\t\t\t<div class=\"elementor-column elementor-col-50 elementor-inner-column elementor-element elementor-element-5612b40e\" data-id=\"5612b40e\" data-element_type=\"column\">\n\t\t\t<div class=\"elementor-widget-wrap elementor-element-populated\">\n\t\t\t\t\t\t\t\t<div class=\"elementor-element elementor-element-26d07399 elementor-widget elementor-widget-text-editor\" data-id=\"26d07399\" data-element_type=\"widget\" data-widget_type=\"text-editor.default\">\n\t\t\t\t<div class=\"elementor-widget-container\">\n\t\t\t\t\t\t\t<h2>Ausbildung<\/h2><ul><li>MBA \u2013 <a href=\"https:\/\/www.stmarys-ca.edu\/\" target=\"_blank\" rel=\"noopener\">St. Marys College Kalifornien<\/a> (USA)<\/li><li>Wirtschaftsingenieurwesen &#8211; <a href=\"https:\/\/www.hs-mittweida.de\/\" target=\"_blank\" rel=\"noopener\">Hochschule Mittweida<\/a> (Deutschland)<\/li><li><a href=\"https:\/\/www.htl-kaindorf.at\/\" target=\"_blank\" rel=\"noopener\">HTBLA Kaindorf an der Sulm<\/a>, Abteilung f\u00fcr Information und Organisation (\u00d6sterreich)<\/li><\/ul>\t\t\t\t\t\t<\/div>\n\t\t\t\t<\/div>\n\t\t\t\t\t<\/div>\n\t\t<\/div>\n\t\t\t\t\t\t\t<\/div>\n\t\t<\/section>\n\t\t\t\t\t<\/div>\n\t\t<\/div>\n\t\t\t\t\t\t\t<\/div>\n\t\t<\/section>\n\t\t\t\t\t\t\t<\/div>\n\t\t","protected":false},"excerpt":{"rendered":"<p>\u00dcber Mario K\u00f6rbler Unternehmer aus der S\u00fcdsteiermark. Ich bin Unternehmer aus der S\u00fcdsteiermark und besch\u00e4ftige mich mit digitalen L\u00f6sungen mit Schwerpunkt auf Marketing, Vertrieb und Organisation. Positionen Gesch\u00e4ftsf\u00fchrer und Eigent\u00fcmer der\u00a0K\u00f6rbler GmbH Gesch\u00e4ftsf\u00fchrer und Eigent\u00fcmer der\u00a0Spreitzer and Friends\u00a0GmbH Gesch\u00e4ftsf\u00fchrer der\u00a0Bikeportal.at\u00a0GmbH Gr\u00fcnder der Software\u00a01Tool Mitgr\u00fcnder und Teilhaber der Dagobert Invest AG Ausbildung MBA \u2013 St. Marys &hellip;<\/p>\n<p class=\"read-more\"> <a class=\"\" href=\"https:\/\/1.marketing\/m\/ueber-mich\/\"> <span class=\"screen-reader-text\">\u00dcber mich<\/span> Read More &raquo;<\/a><\/p>\n","protected":false},"author":1,"featured_media":0,"parent":0,"menu_order":0,"comment_status":"closed","ping_status":"closed","template":"","meta":{"site-sidebar-layout":"no-sidebar","site-content-layout":"page-builder","ast-global-header-display":"","ast-banner-title-visibility":"","ast-main-header-display":"","ast-hfb-above-header-display":"","ast-hfb-below-header-display":"","ast-hfb-mobile-header-display":"","site-post-title":"disabled","ast-breadcrumbs-content":"","ast-featured-img":"disabled","footer-sml-layout":"","theme-transparent-header-meta":"","adv-header-id-meta":"","stick-header-meta":"","header-above-stick-meta":"","header-main-stick-meta":"","header-below-stick-meta":""},"acf":[],"yoast_head":"<!-- This site is optimized with the Yoast SEO plugin v20.8 - https:\/\/yoast.com\/wordpress\/plugins\/seo\/ -->\n<title>\u00dcber mich - Mario K\u00f6rbler<\/title>\n<meta name=\"robots\" content=\"index, follow, max-snippet:-1, max-image-preview:large, max-video-preview:-1\" \/>\n<link rel=\"canonical\" href=\"https:\/\/1.marketing\/m\/ueber-mich\/\" \/>\n<meta property=\"og:locale\" content=\"de_DE\" \/>\n<meta property=\"og:type\" content=\"article\" \/>\n<meta property=\"og:title\" content=\"\u00dcber mich - Mario K\u00f6rbler\" \/>\n<meta property=\"og:description\" content=\"\u00dcber Mario K\u00f6rbler Unternehmer aus der S\u00fcdsteiermark. Ich bin Unternehmer aus der S\u00fcdsteiermark und besch\u00e4ftige mich mit digitalen L\u00f6sungen mit Schwerpunkt auf Marketing, Vertrieb und Organisation. Positionen Gesch\u00e4ftsf\u00fchrer und Eigent\u00fcmer der\u00a0K\u00f6rbler GmbH Gesch\u00e4ftsf\u00fchrer und Eigent\u00fcmer der\u00a0Spreitzer and Friends\u00a0GmbH Gesch\u00e4ftsf\u00fchrer der\u00a0Bikeportal.at\u00a0GmbH Gr\u00fcnder der Software\u00a01Tool Mitgr\u00fcnder und Teilhaber der Dagobert Invest AG Ausbildung MBA \u2013 St. Marys &hellip; \u00dcber mich Read More &raquo;\" \/>\n<meta property=\"og:url\" content=\"https:\/\/1.marketing\/m\/ueber-mich\/\" \/>\n<meta property=\"og:site_name\" content=\"Mario K\u00f6rbler\" \/>\n<meta property=\"article:modified_time\" content=\"2023-05-14T09:21:35+00:00\" \/>\n<meta name=\"twitter:card\" content=\"summary_large_image\" \/>\n<meta name=\"twitter:label1\" content=\"Gesch\u00e4tzte Lesezeit\" \/>\n\t<meta name=\"twitter:data1\" content=\"1 Minute\" \/>\n<script type=\"application\/ld+json\" class=\"yoast-schema-graph\">{\"@context\":\"https:\/\/schema.org\",\"@graph\":[{\"@type\":\"WebPage\",\"@id\":\"https:\/\/1.marketing\/m\/ueber-mich\/\",\"url\":\"https:\/\/1.marketing\/m\/ueber-mich\/\",\"name\":\"\u00dcber mich - Mario K\u00f6rbler\",\"isPartOf\":{\"@id\":\"https:\/\/1.marketing\/m\/#website\"},\"datePublished\":\"2018-02-12T14:47:11+00:00\",\"dateModified\":\"2023-05-14T09:21:35+00:00\",\"breadcrumb\":{\"@id\":\"https:\/\/1.marketing\/m\/ueber-mich\/#breadcrumb\"},\"inLanguage\":\"de-AT\",\"potentialAction\":[{\"@type\":\"ReadAction\",\"target\":[\"https:\/\/1.marketing\/m\/ueber-mich\/\"]}]},{\"@type\":\"BreadcrumbList\",\"@id\":\"https:\/\/1.marketing\/m\/ueber-mich\/#breadcrumb\",\"itemListElement\":[{\"@type\":\"ListItem\",\"position\":1,\"name\":\"Startseite\",\"item\":\"https:\/\/1.marketing\/m\/\"},{\"@type\":\"ListItem\",\"position\":2,\"name\":\"\u00dcber mich\"}]},{\"@type\":\"WebSite\",\"@id\":\"https:\/\/1.marketing\/m\/#website\",\"url\":\"https:\/\/1.marketing\/m\/\",\"name\":\"Mario K\u00f6rbler\",\"description\":\"\",\"publisher\":{\"@id\":\"https:\/\/1.marketing\/m\/#\/schema\/person\/7d1f8036b97b288dfc51227ca6321b67\"},\"potentialAction\":[{\"@type\":\"SearchAction\",\"target\":{\"@type\":\"EntryPoint\",\"urlTemplate\":\"https:\/\/1.marketing\/m\/?s={search_term_string}\"},\"query-input\":\"required name=search_term_string\"}],\"inLanguage\":\"de-AT\"},{\"@type\":[\"Person\",\"Organization\"],\"@id\":\"https:\/\/1.marketing\/m\/#\/schema\/person\/7d1f8036b97b288dfc51227ca6321b67\",\"name\":\"mariokoerbler\",\"image\":{\"@type\":\"ImageObject\",\"inLanguage\":\"de-AT\",\"@id\":\"https:\/\/1.marketing\/m\/#\/schema\/person\/image\/\",\"url\":\"https:\/\/1.marketing\/m\/wp-content\/uploads\/sites\/2\/2023\/05\/cropped-mk.png\",\"contentUrl\":\"https:\/\/1.marketing\/m\/wp-content\/uploads\/sites\/2\/2023\/05\/cropped-mk.png\",\"width\":293,\"height\":172,\"caption\":\"mariokoerbler\"},\"logo\":{\"@id\":\"https:\/\/1.marketing\/m\/#\/schema\/person\/image\/\"}}]}<\/script>\n<!-- \/ Yoast SEO plugin. -->","yoast_head_json":{"title":"\u00dcber mich - Mario K\u00f6rbler","robots":{"index":"index","follow":"follow","max-snippet":"max-snippet:-1","max-image-preview":"max-image-preview:large","max-video-preview":"max-video-preview:-1"},"canonical":"https:\/\/1.marketing\/m\/ueber-mich\/","og_locale":"de_DE","og_type":"article","og_title":"\u00dcber mich - Mario K\u00f6rbler","og_description":"\u00dcber Mario K\u00f6rbler Unternehmer aus der S\u00fcdsteiermark. Ich bin Unternehmer aus der S\u00fcdsteiermark und besch\u00e4ftige mich mit digitalen L\u00f6sungen mit Schwerpunkt auf Marketing, Vertrieb und Organisation. Positionen Gesch\u00e4ftsf\u00fchrer und Eigent\u00fcmer der\u00a0K\u00f6rbler GmbH Gesch\u00e4ftsf\u00fchrer und Eigent\u00fcmer der\u00a0Spreitzer and Friends\u00a0GmbH Gesch\u00e4ftsf\u00fchrer der\u00a0Bikeportal.at\u00a0GmbH Gr\u00fcnder der Software\u00a01Tool Mitgr\u00fcnder und Teilhaber der Dagobert Invest AG Ausbildung MBA \u2013 St. Marys &hellip; \u00dcber mich Read More &raquo;","og_url":"https:\/\/1.marketing\/m\/ueber-mich\/","og_site_name":"Mario K\u00f6rbler","article_modified_time":"2023-05-14T09:21:35+00:00","twitter_card":"summary_large_image","twitter_misc":{"Gesch\u00e4tzte Lesezeit":"1 Minute"},"schema":{"@context":"https:\/\/schema.org","@graph":[{"@type":"WebPage","@id":"https:\/\/1.marketing\/m\/ueber-mich\/","url":"https:\/\/1.marketing\/m\/ueber-mich\/","name":"\u00dcber mich - Mario K\u00f6rbler","isPartOf":{"@id":"https:\/\/1.marketing\/m\/#website"},"datePublished":"2018-02-12T14:47:11+00:00","dateModified":"2023-05-14T09:21:35+00:00","breadcrumb":{"@id":"https:\/\/1.marketing\/m\/ueber-mich\/#breadcrumb"},"inLanguage":"de-AT","potentialAction":[{"@type":"ReadAction","target":["https:\/\/1.marketing\/m\/ueber-mich\/"]}]},{"@type":"BreadcrumbList","@id":"https:\/\/1.marketing\/m\/ueber-mich\/#breadcrumb","itemListElement":[{"@type":"ListItem","position":1,"name":"Startseite","item":"https:\/\/1.marketing\/m\/"},{"@type":"ListItem","position":2,"name":"\u00dcber mich"}]},{"@type":"WebSite","@id":"https:\/\/1.marketing\/m\/#website","url":"https:\/\/1.marketing\/m\/","name":"Mario K\u00f6rbler","description":"","publisher":{"@id":"https:\/\/1.marketing\/m\/#\/schema\/person\/7d1f8036b97b288dfc51227ca6321b67"},"potentialAction":[{"@type":"SearchAction","target":{"@type":"EntryPoint","urlTemplate":"https:\/\/1.marketing\/m\/?s={search_term_string}"},"query-input":"required name=search_term_string"}],"inLanguage":"de-AT"},{"@type":["Person","Organization"],"@id":"https:\/\/1.marketing\/m\/#\/schema\/person\/7d1f8036b97b288dfc51227ca6321b67","name":"mariokoerbler","image":{"@type":"ImageObject","inLanguage":"de-AT","@id":"https:\/\/1.marketing\/m\/#\/schema\/person\/image\/","url":"https:\/\/1.marketing\/m\/wp-content\/uploads\/sites\/2\/2023\/05\/cropped-mk.png","contentUrl":"https:\/\/1.marketing\/m\/wp-content\/uploads\/sites\/2\/2023\/05\/cropped-mk.png","width":293,"height":172,"caption":"mariokoerbler"},"logo":{"@id":"https:\/\/1.marketing\/m\/#\/schema\/person\/image\/"}}]}},"_links":{"self":[{"href":"https:\/\/1.marketing\/m\/wp-json\/wp\/v2\/pages\/1448"}],"collection":[{"href":"https:\/\/1.marketing\/m\/wp-json\/wp\/v2\/pages"}],"about":[{"href":"https:\/\/1.marketing\/m\/wp-json\/wp\/v2\/types\/page"}],"author":[{"embeddable":true,"href":"https:\/\/1.marketing\/m\/wp-json\/wp\/v2\/users\/1"}],"replies":[{"embeddable":true,"href":"https:\/\/1.marketing\/m\/wp-json\/wp\/v2\/comments?post=1448"}],"version-history":[{"count":29,"href":"https:\/\/1.marketing\/m\/wp-json\/wp\/v2\/pages\/1448\/revisions"}],"predecessor-version":[{"id":1968,"href":"https:\/\/1.marketing\/m\/wp-json\/wp\/v2\/pages\/1448\/revisions\/1968"}],"wp:attachment":[{"href":"https:\/\/1.marketing\/m\/wp-json\/wp\/v2\/media?parent=1448"}],"curies":[{"name":"wp","href":"https:\/\/api.w.org\/{rel}","templated":true}]}}